{"id":545,"date":"2021-11-29T14:20:15","date_gmt":"2021-11-29T14:20:15","guid":{"rendered":"https:\/\/carta.restaurantepuertobahia.com\/le-menu-du-restaurant\/"},"modified":"2023-09-11T11:02:53","modified_gmt":"2023-09-11T11:02:53","slug":"le-menu-du-restaurant","status":"publish","type":"page","link":"https:\/\/carta.restaurantepuertobahia.com\/fr\/le-menu-du-restaurant\/","title":{"rendered":"Le menu du restaurant"},"content":{"rendered":"[vc_row type=\u00a0\u00bbfull_width_background\u00a0\u00bb full_screen_row_position=\u00a0\u00bbmiddle\u00a0\u00bb column_margin=\u00a0\u00bbdefault\u00a0\u00bb equal_height=\u00a0\u00bbyes\u00a0\u00bb content_placement=\u00a0\u00bbmiddle\u00a0\u00bb column_direction=\u00a0\u00bbdefault\u00a0\u00bb column_direction_tablet=\u00a0\u00bbdefault\u00a0\u00bb column_direction_phone=\u00a0\u00bbdefault\u00a0\u00bb bg_color=\u00a0\u00bb#ffffff\u00a0\u00bb bg_image=\u00a0\u00bb11&Prime; bg_position=\u00a0\u00bbleft top\u00a0\u00bb background_image_loading=\u00a0\u00bbdefault\u00a0\u00bb bg_repeat=\u00a0\u00bbno-repeat\u00a0\u00bb full_height=\u00a0\u00bbyes\u00a0\u00bb scene_position=\u00a0\u00bbcenter\u00a0\u00bb top_padding=\u00a0\u00bb5%\u00a0\u00bb bottom_padding=\u00a0\u00bb5%\u00a0\u00bb text_color=\u00a0\u00bbcustom\u00a0\u00bb custom_text_color=\u00a0\u00bb#06067f\u00a0\u00bb text_align=\u00a0\u00bbcenter\u00a0\u00bb row_border_radius=\u00a0\u00bbnone\u00a0\u00bb row_border_radius_applies=\u00a0\u00bbbg\u00a0\u00bb overflow=\u00a0\u00bbvisible\u00a0\u00bb advanced_gradient_angle=\u00a0\u00bb0&Prime; overlay_strength=\u00a0\u00bb0.3&Prime; gradient_direction=\u00a0\u00bbleft_to_right\u00a0\u00bb shape_divider_position=\u00a0\u00bbbottom\u00a0\u00bb bg_image_animation=\u00a0\u00bbnone\u00a0\u00bb gradient_type=\u00a0\u00bbdefault\u00a0\u00bb shape_type=\u00a0\u00bb\u00a0\u00bb][vc_column column_padding=\u00a0\u00bbno-extra-padding\u00a0\u00bb column_padding_tablet=\u00a0\u00bbinherit\u00a0\u00bb column_padding_phone=\u00a0\u00bbinherit\u00a0\u00bb column_padding_position=\u00a0\u00bball\u00a0\u00bb column_element_direction_desktop=\u00a0\u00bbdefault\u00a0\u00bb column_element_spacing=\u00a0\u00bbdefault\u00a0\u00bb desktop_text_alignment=\u00a0\u00bbdefault\u00a0\u00bb tablet_text_alignment=\u00a0\u00bbdefault\u00a0\u00bb phone_text_alignment=\u00a0\u00bbdefault\u00a0\u00bb background_color=\u00a0\u00bb#ffffff\u00a0\u00bb background_color_opacity=\u00a0\u00bb1&Prime; background_hover_color_opacity=\u00a0\u00bb1&Prime; column_backdrop_filter=\u00a0\u00bbnone\u00a0\u00bb column_shadow=\u00a0\u00bbnone\u00a0\u00bb column_border_radius=\u00a0\u00bbnone\u00a0\u00bb column_link_target=\u00a0\u00bb_self\u00a0\u00bb column_position=\u00a0\u00bbdefault\u00a0\u00bb advanced_gradient_angle=\u00a0\u00bb0&Prime; gradient_direction=\u00a0\u00bbleft_to_right\u00a0\u00bb overlay_strength=\u00a0\u00bb0.3&Prime; width=\u00a0\u00bb1\/1&Prime; tablet_width_inherit=\u00a0\u00bbdefault\u00a0\u00bb animation_type=\u00a0\u00bbdefault\u00a0\u00bb bg_image_animation=\u00a0\u00bbnone\u00a0\u00bb border_type=\u00a0\u00bbsimple\u00a0\u00bb column_border_width=\u00a0\u00bb1px\u00a0\u00bb column_border_color=\u00a0\u00bb#06067f\u00a0\u00bb column_border_style=\u00a0\u00bbsolid\u00a0\u00bb gradient_type=\u00a0\u00bbdefault\u00a0\u00bb][divider line_type=\u00a0\u00bbNo Line\u00a0\u00bb][vc_column_text css=\u00a0\u00bb.vc_custom_1637076732756{border-bottom-width: 1px !important;padding-bottom: 2px !important;border-bottom-color: #cfd0de !important;border-bottom-style: solid !important;}\u00a0\u00bb]<a href=\"https:\/\/carta.restaurantepuertobahia.com\/fr\/entrees\/\">Entr\u00e9es<\/a>[\/vc_column_text][vc_column_text css=\u00a0\u00bb.vc_custom_1637234645099{border-bottom-width: 1px !important;padding-bottom: 2px !important;border-bottom-color: #cfd0de !important;border-bottom-style: solid !important;}\u00a0\u00bb]<a href=\"https:\/\/carta.restaurantepuertobahia.com\/fr\/riz\/\">Riz<\/a>[\/vc_column_text][vc_column_text css=\u00a0\u00bb.vc_custom_1637076767820{border-bottom-width: 1px !important;padding-bottom: 2px !important;border-bottom-color: #cfd0de !important;border-bottom-style: solid !important;}\u00a0\u00bb]<a href=\"https:\/\/carta.restaurantepuertobahia.com\/fr\/pates\/\">P\u00e2tes<\/a>[\/vc_column_text][vc_column_text css=\u00a0\u00bb.vc_custom_1637076787564{border-bottom-width: 1px !important;padding-bottom: 2px !important;border-bottom-color: #cfd0de !important;border-bottom-style: solid !important;}\u00a0\u00bb]<a href=\"https:\/\/carta.restaurantepuertobahia.com\/fr\/poissons\/\">Poissons<\/a>[\/vc_column_text][vc_column_text css=\u00a0\u00bb.vc_custom_1637076778396{border-bottom-width: 1px !important;padding-bottom: 2px !important;border-bottom-color: #cfd0de !important;border-bottom-style: solid !important;}\u00a0\u00bb]<a href=\"https:\/\/carta.restaurantepuertobahia.com\/fr\/fruits-de-mer\/\">Fruits de Mer<\/a>[\/vc_column_text][vc_column_text css=\u00a0\u00bb.vc_custom_1637076795012{border-bottom-width: 1px !important;padding-bottom: 2px !important;border-bottom-color: #cfd0de !important;border-bottom-style: solid !important;}\u00a0\u00bb]<a href=\"https:\/\/carta.restaurantepuertobahia.com\/fr\/carnes\/\">Viandes<\/a>[\/vc_column_text][vc_column_text css=\u00a0\u00bb.vc_custom_1637076808029{border-bottom-width: 1px !important;padding-bottom: 2px !important;border-bottom-color: #cfd0de !important;border-bottom-style: solid !important;}\u00a0\u00bb]<a href=\"https:\/\/carta.restaurantepuertobahia.com\/fr\/menu-enfant\/\">Menu Enfant<\/a>[\/vc_column_text][vc_column_text css=\u00a0\u00bb.vc_custom_1637076703700{border-bottom-width: 1px !important;padding-bottom: 2px !important;border-bottom-color: #cfd0de !important;border-bottom-style: solid !important;}\u00a0\u00bb]<a href=\"https:\/\/carta.restaurantepuertobahia.com\/fr\/tapas\/\">Tapas<\/a>[\/vc_column_text][vc_column_text css=\u00a0\u00bb.vc_custom_1637076824900{border-bottom-width: 1px !important;padding-bottom: 2px !important;border-bottom-color: #cfd0de !important;border-bottom-style: solid !important;}\u00a0\u00bb]<a href=\"https:\/\/carta.restaurantepuertobahia.com\/fr\/snacks\/\">Snacks<\/a>[\/vc_column_text][vc_column_text css=\u00a0\u00bb.vc_custom_1637076816363{border-bottom-width: 1px !important;padding-bottom: 2px !important;border-bottom-color: #cfd0de !important;border-bottom-style: solid !important;}\u00a0\u00bb]<a href=\"https:\/\/carta.restaurantepuertobahia.com\/fr\/desserts\/\">Desserts<\/a>[\/vc_column_text][vc_column_text css=\u00a0\u00bb.vc_custom_1637234766478{border-bottom-width: 1px !important;padding-bottom: 2px !important;border-bottom-color: #cfd0de !important;border-bottom-style: solid !important;}\u00a0\u00bb]<a href=\"https:\/\/carta.restaurantepuertobahia.com\/fr\/glaces\/\">Glaces<\/a>[\/vc_column_text][vc_column_text css=\u00a0\u00bb.vc_custom_1637076871189{border-bottom-width: 1px !important;padding-bottom: 2px !important;border-bottom-color: #cfd0de !important;border-bottom-style: solid !important;}\u00a0\u00bb]<a href=\"https:\/\/carta.restaurantepuertobahia.com\/fr\/boissons\/\">Boissons<\/a>[\/vc_column_text][vc_column_text css=\u00a0\u00bb.vc_custom_1637234739269{border-bottom-width: 1px !important;padding-bottom: 2px !important;border-bottom-color: #cfd0de !important;border-bottom-style: solid !important;}\u00a0\u00bb]<a href=\"https:\/\/carta.restaurantepuertobahia.com\/fr\/verres-spiritueux\/\">Verres &amp; Spiritueux<\/a>[\/vc_column_text][divider line_type=\u00a0\u00bbNo Line\u00a0\u00bb][vc_column_text]\n<p style=\"text-align: center;\"><strong>Consultez notre menu complet ou demandez-nous les suggestions du chef<\/strong><\/p>\n<p style=\"text-align: center;\">D\u00e9sormais, les plats de riz sont \u00e9galement pr\u00e9par\u00e9s sur commande avec des produits de saison de l&rsquo;\u00eele.<\/p>\n<p style=\"text-align: center;\"><a href=\"https:\/\/restaurantepuertobahia.com\/contacto\"><strong>Contactez-nous \u00e0<\/strong><\/a><\/p>\n[\/vc_column_text][divider line_type=\u00a0\u00bbNo Line\u00a0\u00bb][\/vc_column][\/vc_row]\n","protected":false},"excerpt":{"rendered":"<p>[vc_row type=\u00a0\u00bbfull_width_background\u00a0\u00bb full_screen_row_position=\u00a0\u00bbmiddle\u00a0\u00bb column_margin=\u00a0\u00bbdefault\u00a0\u00bb equal_height=\u00a0\u00bbyes\u00a0\u00bb content_placement=\u00a0\u00bbmiddle\u00a0\u00bb column_direction=\u00a0\u00bbdefault\u00a0\u00bb column_direction_tablet=\u00a0\u00bbdefault\u00a0\u00bb column_direction_phone=\u00a0\u00bbdefault\u00a0\u00bb bg_color=\u00a0\u00bb#ffffff\u00a0\u00bb bg_image=\u00a0\u00bb11&Prime; bg_position=\u00a0\u00bbleft top\u00a0\u00bb background_image_loading=\u00a0\u00bbdefault\u00a0\u00bb bg_repeat=\u00a0\u00bbno-repeat\u00a0\u00bb full_height=\u00a0\u00bbyes\u00a0\u00bb scene_position=\u00a0\u00bbcenter\u00a0\u00bb top_padding=\u00a0\u00bb5%\u00a0\u00bb bottom_padding=\u00a0\u00bb5%\u00a0\u00bb text_color=\u00a0\u00bbcustom\u00a0\u00bb custom_text_color=\u00a0\u00bb#06067f\u00a0\u00bb text_align=\u00a0\u00bbcenter\u00a0\u00bb row_border_radius=\u00a0\u00bbnone\u00a0\u00bb row_border_radius_applies=\u00a0\u00bbbg\u00a0\u00bb overflow=\u00a0\u00bbvisible\u00a0\u00bb advanced_gradient_angle=\u00a0\u00bb0&Prime; overlay_strength=\u00a0\u00bb0.3&Prime; gradient_direction=\u00a0\u00bbleft_to_right\u00a0\u00bb shape_divider_position=\u00a0\u00bbbottom\u00a0\u00bb bg_image_animation=\u00a0\u00bbnone\u00a0\u00bb&#8230;<\/p>\n","protected":false},"author":1,"featured_media":0,"parent":0,"menu_order":0,"comment_status":"closed","ping_status":"closed","template":"","meta":{"footnotes":""},"class_list":["post-545","page","type-page","status-publish"],"_links":{"self":[{"href":"https:\/\/carta.restaurantepuertobahia.com\/fr\/wp-json\/wp\/v2\/pages\/545","targetHints":{"allow":["GET"]}}],"collection":[{"href":"https:\/\/carta.restaurantepuertobahia.com\/fr\/wp-json\/wp\/v2\/pages"}],"about":[{"href":"https:\/\/carta.restaurantepuertobahia.com\/fr\/wp-json\/wp\/v2\/types\/page"}],"author":[{"embeddable":true,"href":"https:\/\/carta.restaurantepuertobahia.com\/fr\/wp-json\/wp\/v2\/users\/1"}],"replies":[{"embeddable":true,"href":"https:\/\/carta.restaurantepuertobahia.com\/fr\/wp-json\/wp\/v2\/comments?post=545"}],"version-history":[{"count":13,"href":"https:\/\/carta.restaurantepuertobahia.com\/fr\/wp-json\/wp\/v2\/pages\/545\/revisions"}],"predecessor-version":[{"id":2075,"href":"https:\/\/carta.restaurantepuertobahia.com\/fr\/wp-json\/wp\/v2\/pages\/545\/revisions\/2075"}],"wp:attachment":[{"href":"https:\/\/carta.restaurantepuertobahia.com\/fr\/wp-json\/wp\/v2\/media?parent=545"}],"curies":[{"name":"wp","href":"https:\/\/api.w.org\/{rel}","templated":true}]}}